{"id":29738,"date":"2024-09-03T14:26:11","date_gmt":"2024-09-03T12:26:11","guid":{"rendered":"https:\/\/kea-evolution.ch\/unsere-werte\/"},"modified":"2024-12-19T15:39:00","modified_gmt":"2024-12-19T14:39:00","slug":"unsere-werte","status":"publish","type":"page","link":"https:\/\/kea-evolution.ch\/de\/unsere-werte\/","title":{"rendered":"Unsere Werte"},"content":{"rendered":"\t\t<div data-elementor-type=\"wp-page\" data-elementor-id=\"29738\" class=\"elementor elementor-29738 elementor-29045\" data-elementor-post-type=\"page\">\n\t\t\t\t<div class=\"elementor-element elementor-element-dca5877 e-flex e-con-boxed e-con e-parent\" data-id=\"dca5877\" data-element_type=\"container\">\n\t\t\t\t\t<div class=\"e-con-inner\">\n\t\t\t\t<div class=\"elementor-element elementor-element-58f6e2e elementor-widget elementor-widget-spacer\" data-id=\"58f6e2e\" data-element_type=\"widget\" data-widget_type=\"spacer.default\">\n\t\t\t\t<div class=\"elementor-widget-container\">\n\t\t\t\t\t\t\t<div class=\"elementor-spacer\">\n\t\t\t<div class=\"elementor-spacer-inner\"><\/div>\n\t\t<\/div>\n\t\t\t\t\t\t<\/div>\n\t\t\t\t<\/div>\n\t\t\t\t<div class=\"elementor-element elementor-element-9e11d43 elementor-invisible elementor-widget elementor-widget-heading\" data-id=\"9e11d43\" data-element_type=\"widget\" data-settings=\"{&quot;_animation&quot;:&quot;fadeInDown&quot;}\" data-widget_type=\"heading.default\">\n\t\t\t\t<div class=\"elementor-widget-container\">\n\t\t\t\t\t<h2 class=\"elementor-heading-title elementor-size-default\">\" Unsere Werte haben Referenzen.<\/h2>\t\t\t\t<\/div>\n\t\t\t\t<\/div>\n\t\t\t\t<div class=\"elementor-element elementor-element-9dbb14b elementor-widget elementor-widget-spacer\" data-id=\"9dbb14b\" data-element_type=\"widget\" data-widget_type=\"spacer.default\">\n\t\t\t\t<div class=\"elementor-widget-container\">\n\t\t\t\t\t\t\t<div class=\"elementor-spacer\">\n\t\t\t<div class=\"elementor-spacer-inner\"><\/div>\n\t\t<\/div>\n\t\t\t\t\t\t<\/div>\n\t\t\t\t<\/div>\n\t\t\t\t\t<\/div>\n\t\t\t\t<\/div>\n\t\t<div class=\"elementor-element elementor-element-a53bcd4 e-flex e-con-boxed e-con e-parent\" data-id=\"a53bcd4\" data-element_type=\"container\">\n\t\t\t\t\t<div class=\"e-con-inner\">\n\t\t<div class=\"elementor-element elementor-element-d2137f0 e-con-full e-flex e-con e-child\" data-id=\"d2137f0\" data-element_type=\"container\">\n\t\t\t\t<div class=\"elementor-element elementor-element-a35c790 e-transform elementor-widget elementor-widget-image\" data-id=\"a35c790\" data-element_type=\"widget\" data-settings=\"{&quot;_transform_scale_effect_hover&quot;:{&quot;unit&quot;:&quot;px&quot;,&quot;size&quot;:1.03,&quot;sizes&quot;:[]},&quot;_transform_scale_effect_hover_widescreen&quot;:{&quot;unit&quot;:&quot;px&quot;,&quot;size&quot;:&quot;&quot;,&quot;sizes&quot;:[]},&quot;_transform_scale_effect_hover_laptop&quot;:{&quot;unit&quot;:&quot;px&quot;,&quot;size&quot;:&quot;&quot;,&quot;sizes&quot;:[]},&quot;_transform_scale_effect_hover_tablet&quot;:{&quot;unit&quot;:&quot;px&quot;,&quot;size&quot;:&quot;&quot;,&quot;sizes&quot;:[]},&quot;_transform_scale_effect_hover_mobile&quot;:{&quot;unit&quot;:&quot;px&quot;,&quot;size&quot;:&quot;&quot;,&quot;sizes&quot;:[]}}\" data-widget_type=\"image.default\">\n\t\t\t\t<div class=\"elementor-widget-container\">\n\t\t\t\t\t\t\t\t\t\t\t\t\t\t\t<img fetchpriority=\"high\" decoding=\"async\" width=\"800\" height=\"450\" src=\"https:\/\/kea-evolution.ch\/wp-content\/uploads\/2024\/09\/Mauna_Kea_Summit_Trail_Mauna_Kea_503901_21770618626-1024x576.jpg\" class=\"attachment-large size-large wp-image-29222\" alt=\"\" srcset=\"https:\/\/kea-evolution.ch\/wp-content\/uploads\/2024\/09\/Mauna_Kea_Summit_Trail_Mauna_Kea_503901_21770618626-1024x576.jpg 1024w, https:\/\/kea-evolution.ch\/wp-content\/uploads\/2024\/09\/Mauna_Kea_Summit_Trail_Mauna_Kea_503901_21770618626-300x169.jpg 300w, https:\/\/kea-evolution.ch\/wp-content\/uploads\/2024\/09\/Mauna_Kea_Summit_Trail_Mauna_Kea_503901_21770618626-768x432.jpg 768w, https:\/\/kea-evolution.ch\/wp-content\/uploads\/2024\/09\/Mauna_Kea_Summit_Trail_Mauna_Kea_503901_21770618626.jpg 1200w\" sizes=\"(max-width: 800px) 100vw, 800px\" \/>\t\t\t\t\t\t\t\t\t\t\t\t\t\t\t<\/div>\n\t\t\t\t<\/div>\n\t\t\t\t<\/div>\n\t\t<div class=\"elementor-element elementor-element-8cd9c7e e-con-full e-flex e-con e-child\" data-id=\"8cd9c7e\" data-element_type=\"container\">\n\t\t\t\t<div class=\"elementor-element elementor-element-24febc7 elementor-widget elementor-widget-heading\" data-id=\"24febc7\" data-element_type=\"widget\" data-widget_type=\"heading.default\">\n\t\t\t\t<div class=\"elementor-widget-container\">\n\t\t\t\t\t<h2 class=\"elementor-heading-title elementor-size-default\">Genau wie der Vulkan Mauna KEA sind wir eine unersch\u00f6pfliche Quelle von Energie und Innovation. <\/h2>\t\t\t\t<\/div>\n\t\t\t\t<\/div>\n\t\t\t\t<div class=\"elementor-element elementor-element-35f5968 elementor-widget elementor-widget-spacer\" data-id=\"35f5968\" data-element_type=\"widget\" data-widget_type=\"spacer.default\">\n\t\t\t\t<div class=\"elementor-widget-container\">\n\t\t\t\t\t\t\t<div class=\"elementor-spacer\">\n\t\t\t<div class=\"elementor-spacer-inner\"><\/div>\n\t\t<\/div>\n\t\t\t\t\t\t<\/div>\n\t\t\t\t<\/div>\n\t\t\t\t<div class=\"elementor-element elementor-element-6ff5692 elementor-widget elementor-widget-text-editor\" data-id=\"6ff5692\" data-element_type=\"widget\" data-widget_type=\"text-editor.default\">\n\t\t\t\t<div class=\"elementor-widget-container\">\n\t\t\t\t\t\t\t\t\t<p><b>Eruption der Kreativit\u00e4t &#8211;<\/b> Wir generieren Ideen, die Herausforderungen in Chancen verwandeln.<\/p>\n<p><b>Transformative Kraft &#8211;<\/b> Unsere L\u00f6sungen gestalten die Landschaft Ihres Unternehmens und schaffen neue Wege zum Erfolg.<\/p>\n<p><b>W\u00e4rme und Leidenschaft &#8211; <\/b>Wir gehen jedes Projekt mit Schwung und Begeisterung an f\u00fcr aussergew\u00f6hnliche Ergebnisse.<\/p>\t\t\t\t\t\t\t\t<\/div>\n\t\t\t\t<\/div>\n\t\t\t\t<\/div>\n\t\t\t\t\t<\/div>\n\t\t\t\t<\/div>\n\t\t<div class=\"elementor-element elementor-element-ba6da01 e-flex e-con-boxed e-con e-parent\" data-id=\"ba6da01\" data-element_type=\"container\">\n\t\t\t\t\t<div class=\"e-con-inner\">\n\t\t\t\t<div class=\"elementor-element elementor-element-427b6a7 elementor-widget elementor-widget-spacer\" data-id=\"427b6a7\" data-element_type=\"widget\" data-widget_type=\"spacer.default\">\n\t\t\t\t<div class=\"elementor-widget-container\">\n\t\t\t\t\t\t\t<div class=\"elementor-spacer\">\n\t\t\t<div class=\"elementor-spacer-inner\"><\/div>\n\t\t<\/div>\n\t\t\t\t\t\t<\/div>\n\t\t\t\t<\/div>\n\t\t\t\t\t<\/div>\n\t\t\t\t<\/div>\n\t\t<div class=\"elementor-element elementor-element-b5d438d e-flex e-con-boxed e-con e-parent\" data-id=\"b5d438d\" data-element_type=\"container\">\n\t\t\t\t\t<div class=\"e-con-inner\">\n\t\t<div class=\"elementor-element elementor-element-d898888 e-con-full e-flex e-con e-child\" data-id=\"d898888\" data-element_type=\"container\">\n\t\t\t\t<div class=\"elementor-element elementor-element-4680dc5 e-transform elementor-widget elementor-widget-image\" data-id=\"4680dc5\" data-element_type=\"widget\" data-settings=\"{&quot;_transform_scale_effect_hover&quot;:{&quot;unit&quot;:&quot;px&quot;,&quot;size&quot;:1.03,&quot;sizes&quot;:[]},&quot;_transform_scale_effect_hover_widescreen&quot;:{&quot;unit&quot;:&quot;px&quot;,&quot;size&quot;:&quot;&quot;,&quot;sizes&quot;:[]},&quot;_transform_scale_effect_hover_laptop&quot;:{&quot;unit&quot;:&quot;px&quot;,&quot;size&quot;:&quot;&quot;,&quot;sizes&quot;:[]},&quot;_transform_scale_effect_hover_tablet&quot;:{&quot;unit&quot;:&quot;px&quot;,&quot;size&quot;:&quot;&quot;,&quot;sizes&quot;:[]},&quot;_transform_scale_effect_hover_mobile&quot;:{&quot;unit&quot;:&quot;px&quot;,&quot;size&quot;:&quot;&quot;,&quot;sizes&quot;:[]}}\" data-widget_type=\"image.default\">\n\t\t\t\t<div class=\"elementor-widget-container\">\n\t\t\t\t\t\t\t\t\t\t\t\t\t\t\t<img decoding=\"async\" width=\"800\" height=\"553\" src=\"https:\/\/kea-evolution.ch\/wp-content\/uploads\/2024\/09\/milford-sound-kea-flight.jpg\" class=\"attachment-large size-large wp-image-29229\" alt=\"\" srcset=\"https:\/\/kea-evolution.ch\/wp-content\/uploads\/2024\/09\/milford-sound-kea-flight.jpg 1000w, https:\/\/kea-evolution.ch\/wp-content\/uploads\/2024\/09\/milford-sound-kea-flight-300x207.jpg 300w, https:\/\/kea-evolution.ch\/wp-content\/uploads\/2024\/09\/milford-sound-kea-flight-768x531.jpg 768w\" sizes=\"(max-width: 800px) 100vw, 800px\" \/>\t\t\t\t\t\t\t\t\t\t\t\t\t\t\t<\/div>\n\t\t\t\t<\/div>\n\t\t\t\t<\/div>\n\t\t<div class=\"elementor-element elementor-element-55df659 e-con-full e-flex e-con e-child\" data-id=\"55df659\" data-element_type=\"container\">\n\t\t\t\t<div class=\"elementor-element elementor-element-4456a6a elementor-widget elementor-widget-heading\" data-id=\"4456a6a\" data-element_type=\"widget\" data-widget_type=\"heading.default\">\n\t\t\t\t<div class=\"elementor-widget-container\">\n\t\t\t\t\t<h2 class=\"elementor-heading-title elementor-size-default\">Wie der KEA-Papagei ist Anpassungsf\u00e4higkeit eines unserer vielen Talente und wir vermitteln diese weiter.<\/h2>\t\t\t\t<\/div>\n\t\t\t\t<\/div>\n\t\t\t\t<div class=\"elementor-element elementor-element-40724ca elementor-widget elementor-widget-spacer\" data-id=\"40724ca\" data-element_type=\"widget\" data-widget_type=\"spacer.default\">\n\t\t\t\t<div class=\"elementor-widget-container\">\n\t\t\t\t\t\t\t<div class=\"elementor-spacer\">\n\t\t\t<div class=\"elementor-spacer-inner\"><\/div>\n\t\t<\/div>\n\t\t\t\t\t\t<\/div>\n\t\t\t\t<\/div>\n\t\t\t\t<div class=\"elementor-element elementor-element-f5f3b3e elementor-widget elementor-widget-text-editor\" data-id=\"f5f3b3e\" data-element_type=\"widget\" data-widget_type=\"text-editor.default\">\n\t\t\t\t<div class=\"elementor-widget-container\">\n\t\t\t\t\t\t\t\t\t<p><b>Kreativ und einfallsreich &#8211; <\/b>Wir finden einzigartige L\u00f6sungen f\u00fcr komplexe Probleme.<\/p>\n<p><b>Anpassungsf\u00e4hig &#8211;<\/b> Wir helfen Ihrem Unternehmen, sich an schwierige Umgebungen anzupassen.<\/p>\n<p><b>Empathisch und kommunikativ &#8211; <\/b>Wir bauen starke Beziehungen auf und f\u00f6rdern eine offene Kommunikation innerhalb der Teams.<\/p>\t\t\t\t\t\t\t\t<\/div>\n\t\t\t\t<\/div>\n\t\t\t\t<\/div>\n\t\t\t\t\t<\/div>\n\t\t\t\t<\/div>\n\t\t<div class=\"elementor-element elementor-element-fd89465 e-flex e-con-boxed e-con e-parent\" data-id=\"fd89465\" data-element_type=\"container\">\n\t\t\t\t\t<div class=\"e-con-inner\">\n\t\t\t\t<div class=\"elementor-element elementor-element-2ecd3e4 elementor-widget elementor-widget-spacer\" data-id=\"2ecd3e4\" data-element_type=\"widget\" data-widget_type=\"spacer.default\">\n\t\t\t\t<div class=\"elementor-widget-container\">\n\t\t\t\t\t\t\t<div class=\"elementor-spacer\">\n\t\t\t<div class=\"elementor-spacer-inner\"><\/div>\n\t\t<\/div>\n\t\t\t\t\t\t<\/div>\n\t\t\t\t<\/div>\n\t\t\t\t\t<\/div>\n\t\t\t\t<\/div>\n\t\t<div class=\"elementor-element elementor-element-9836f75 e-flex e-con-boxed e-con e-parent\" data-id=\"9836f75\" data-element_type=\"container\">\n\t\t\t\t\t<div class=\"e-con-inner\">\n\t\t\t\t<div class=\"elementor-element elementor-element-691909a elementor-widget elementor-widget-spacer\" data-id=\"691909a\" data-element_type=\"widget\" data-widget_type=\"spacer.default\">\n\t\t\t\t<div class=\"elementor-widget-container\">\n\t\t\t\t\t\t\t<div class=\"elementor-spacer\">\n\t\t\t<div class=\"elementor-spacer-inner\"><\/div>\n\t\t<\/div>\n\t\t\t\t\t\t<\/div>\n\t\t\t\t<\/div>\n\t\t\t\t\t<\/div>\n\t\t\t\t<\/div>\n\t\t<div class=\"elementor-element elementor-element-5ef9251 e-flex e-con-boxed e-con e-parent\" data-id=\"5ef9251\" data-element_type=\"container\">\n\t\t\t\t\t<div class=\"e-con-inner\">\n\t\t<div class=\"elementor-element elementor-element-f8d6b36 e-con-full e-flex e-con e-child\" data-id=\"f8d6b36\" data-element_type=\"container\">\n\t\t\t\t<div class=\"elementor-element elementor-element-ed136c9 e-transform elementor-widget elementor-widget-image\" data-id=\"ed136c9\" data-element_type=\"widget\" data-settings=\"{&quot;_transform_scale_effect_hover&quot;:{&quot;unit&quot;:&quot;px&quot;,&quot;size&quot;:1.03,&quot;sizes&quot;:[]},&quot;_transform_scale_effect_hover_widescreen&quot;:{&quot;unit&quot;:&quot;px&quot;,&quot;size&quot;:&quot;&quot;,&quot;sizes&quot;:[]},&quot;_transform_scale_effect_hover_laptop&quot;:{&quot;unit&quot;:&quot;px&quot;,&quot;size&quot;:&quot;&quot;,&quot;sizes&quot;:[]},&quot;_transform_scale_effect_hover_tablet&quot;:{&quot;unit&quot;:&quot;px&quot;,&quot;size&quot;:&quot;&quot;,&quot;sizes&quot;:[]},&quot;_transform_scale_effect_hover_mobile&quot;:{&quot;unit&quot;:&quot;px&quot;,&quot;size&quot;:&quot;&quot;,&quot;sizes&quot;:[]}}\" data-widget_type=\"image.default\">\n\t\t\t\t<div class=\"elementor-widget-container\">\n\t\t\t\t\t\t\t\t\t\t\t\t\t\t\t<img decoding=\"async\" width=\"800\" height=\"488\" src=\"https:\/\/kea-evolution.ch\/wp-content\/uploads\/2024\/09\/iStock-2093971366_Ile-KEA-1024x625.jpg\" class=\"attachment-large size-large wp-image-29326\" alt=\"\" srcset=\"https:\/\/kea-evolution.ch\/wp-content\/uploads\/2024\/09\/iStock-2093971366_Ile-KEA-1024x625.jpg 1024w, https:\/\/kea-evolution.ch\/wp-content\/uploads\/2024\/09\/iStock-2093971366_Ile-KEA-300x183.jpg 300w, https:\/\/kea-evolution.ch\/wp-content\/uploads\/2024\/09\/iStock-2093971366_Ile-KEA-768x469.jpg 768w, https:\/\/kea-evolution.ch\/wp-content\/uploads\/2024\/09\/iStock-2093971366_Ile-KEA-1536x937.jpg 1536w, https:\/\/kea-evolution.ch\/wp-content\/uploads\/2024\/09\/iStock-2093971366_Ile-KEA-2048x1250.jpg 2048w\" sizes=\"(max-width: 800px) 100vw, 800px\" \/>\t\t\t\t\t\t\t\t\t\t\t\t\t\t\t<\/div>\n\t\t\t\t<\/div>\n\t\t\t\t<\/div>\n\t\t<div class=\"elementor-element elementor-element-18d63e1 e-con-full e-flex e-con e-child\" data-id=\"18d63e1\" data-element_type=\"container\">\n\t\t\t\t<div class=\"elementor-element elementor-element-47d7376 elementor-widget elementor-widget-heading\" data-id=\"47d7376\" data-element_type=\"widget\" data-widget_type=\"heading.default\">\n\t\t\t\t<div class=\"elementor-widget-container\">\n\t\t\t\t\t<h2 class=\"elementor-heading-title elementor-size-default\">Das kristallklare Wasser der Kykladeninsel KEA inspiriert uns und definiert unsere Grunds\u00e4tze.<\/h2>\t\t\t\t<\/div>\n\t\t\t\t<\/div>\n\t\t\t\t<div class=\"elementor-element elementor-element-ac618fe elementor-widget elementor-widget-spacer\" data-id=\"ac618fe\" data-element_type=\"widget\" data-widget_type=\"spacer.default\">\n\t\t\t\t<div class=\"elementor-widget-container\">\n\t\t\t\t\t\t\t<div class=\"elementor-spacer\">\n\t\t\t<div class=\"elementor-spacer-inner\"><\/div>\n\t\t<\/div>\n\t\t\t\t\t\t<\/div>\n\t\t\t\t<\/div>\n\t\t\t\t<div class=\"elementor-element elementor-element-fd5e562 elementor-widget elementor-widget-text-editor\" data-id=\"fd5e562\" data-element_type=\"widget\" data-widget_type=\"text-editor.default\">\n\t\t\t\t<div class=\"elementor-widget-container\">\n\t\t\t\t\t\t\t\t\t<p><b>Transparenz &#8211;<\/b> Unsere Prozesse und Kommunikation sind klar.<\/p>\n<p><b>Einfachheit &#8211; <\/b>Wir reduzieren die Komplexit\u00e4t, um gemeinsam Ihre Herausforderungen zu meistern.<\/p>\n<p><b>Vision &#8211;<\/b> Wir bieten Ihnen sowohl eine Mikroanalyse als auch eine erweiterte Perspektive auf Ihr Unternehmen und sein Potenzial.<\/p>\t\t\t\t\t\t\t\t<\/div>\n\t\t\t\t<\/div>\n\t\t\t\t<\/div>\n\t\t\t\t\t<\/div>\n\t\t\t\t<\/div>\n\t\t\t\t<\/div>\n\t\t","protected":false},"excerpt":{"rendered":"<p>&#8220; Unsere Werte haben Referenzen. Genau wie der Vulkan Mauna KEA sind wir eine unersch\u00f6pfliche Quelle von Energie und Innovation. Eruption der Kreativit\u00e4t &#8211; Wir generieren Ideen, die Herausforderungen in Chancen verwandeln. Transformative Kraft &#8211; Unsere L\u00f6sungen gestalten die Landschaft Ihres Unternehmens und schaffen neue Wege zum Erfolg. W\u00e4rme und Leidenschaft &#8211; Wir gehen jedes [&hellip;]<\/p>\n","protected":false},"author":1,"featured_media":0,"parent":0,"menu_order":0,"comment_status":"closed","ping_status":"closed","template":"","meta":{"footnotes":""},"class_list":["post-29738","page","type-page","status-publish","hentry"],"aioseo_notices":[],"_links":{"self":[{"href":"https:\/\/kea-evolution.ch\/de\/wp-json\/wp\/v2\/pages\/29738","targetHints":{"allow":["GET"]}}],"collection":[{"href":"https:\/\/kea-evolution.ch\/de\/wp-json\/wp\/v2\/pages"}],"about":[{"href":"https:\/\/kea-evolution.ch\/de\/wp-json\/wp\/v2\/types\/page"}],"author":[{"embeddable":true,"href":"https:\/\/kea-evolution.ch\/de\/wp-json\/wp\/v2\/users\/1"}],"replies":[{"embeddable":true,"href":"https:\/\/kea-evolution.ch\/de\/wp-json\/wp\/v2\/comments?post=29738"}],"version-history":[{"count":1,"href":"https:\/\/kea-evolution.ch\/de\/wp-json\/wp\/v2\/pages\/29738\/revisions"}],"predecessor-version":[{"id":29739,"href":"https:\/\/kea-evolution.ch\/de\/wp-json\/wp\/v2\/pages\/29738\/revisions\/29739"}],"wp:attachment":[{"href":"https:\/\/kea-evolution.ch\/de\/wp-json\/wp\/v2\/media?parent=29738"}],"curies":[{"name":"wp","href":"https:\/\/api.w.org\/{rel}","templated":true}]}}