{"id":29736,"date":"2024-09-03T14:26:37","date_gmt":"2024-09-03T12:26:37","guid":{"rendered":"https:\/\/kea-evolution.ch\/ewout-kea\/"},"modified":"2024-12-19T15:38:22","modified_gmt":"2024-12-19T14:38:22","slug":"ewout-kea","status":"publish","type":"page","link":"https:\/\/kea-evolution.ch\/de\/ewout-kea\/","title":{"rendered":"Ewout Kea"},"content":{"rendered":"\t\t<div data-elementor-type=\"wp-page\" data-elementor-id=\"29736\" class=\"elementor elementor-29736 elementor-29047\" data-elementor-post-type=\"page\">\n\t\t\t\t<div class=\"elementor-element elementor-element-1abc8fd e-flex e-con-boxed e-con e-parent\" data-id=\"1abc8fd\" data-element_type=\"container\">\n\t\t\t\t\t<div class=\"e-con-inner\">\n\t\t\t\t<div class=\"elementor-element elementor-element-e1ed6af elementor-widget elementor-widget-spacer\" data-id=\"e1ed6af\" data-element_type=\"widget\" data-widget_type=\"spacer.default\">\n\t\t\t\t<div class=\"elementor-widget-container\">\n\t\t\t\t\t\t\t<div class=\"elementor-spacer\">\n\t\t\t<div class=\"elementor-spacer-inner\"><\/div>\n\t\t<\/div>\n\t\t\t\t\t\t<\/div>\n\t\t\t\t<\/div>\n\t\t\t\t<div class=\"elementor-element elementor-element-0f63d1e elementor-invisible elementor-widget elementor-widget-heading\" data-id=\"0f63d1e\" data-element_type=\"widget\" data-settings=\"{&quot;_animation&quot;:&quot;fadeInDown&quot;}\" data-widget_type=\"heading.default\">\n\t\t\t\t<div class=\"elementor-widget-container\">\n\t\t\t\t\t<h2 class=\"elementor-heading-title elementor-size-default\">\" Ich bin ein leidenschaftlicher Akteur der Transformation.<\/h2>\t\t\t\t<\/div>\n\t\t\t\t<\/div>\n\t\t\t\t<div class=\"elementor-element elementor-element-7f96012 elementor-widget elementor-widget-spacer\" data-id=\"7f96012\" data-element_type=\"widget\" data-widget_type=\"spacer.default\">\n\t\t\t\t<div class=\"elementor-widget-container\">\n\t\t\t\t\t\t\t<div class=\"elementor-spacer\">\n\t\t\t<div class=\"elementor-spacer-inner\"><\/div>\n\t\t<\/div>\n\t\t\t\t\t\t<\/div>\n\t\t\t\t<\/div>\n\t\t\t\t\t<\/div>\n\t\t\t\t<\/div>\n\t\t<div class=\"elementor-element elementor-element-cdd0477 e-flex e-con-boxed e-con e-parent\" data-id=\"cdd0477\" data-element_type=\"container\">\n\t\t\t\t\t<div class=\"e-con-inner\">\n\t\t<div class=\"elementor-element elementor-element-34e056a e-con-full e-flex e-con e-child\" data-id=\"34e056a\" data-element_type=\"container\">\n\t\t\t\t<div class=\"elementor-element elementor-element-a802a00 elementor-widget elementor-widget-text-editor\" data-id=\"a802a00\" data-element_type=\"widget\" data-widget_type=\"text-editor.default\">\n\t\t\t\t<div class=\"elementor-widget-container\">\n\t\t\t\t\t\t\t\t\t<p>Ewout Kea, Gr\u00fcnder von KEA EVOLUTION, ist eine anerkannte F\u00fchrungspers\u00f6nlichkeit, die f\u00fcr ihre F\u00e4higkeit bekannt ist, Unternehmen umzugestalten und Talente zu f\u00f6rdern. Nach seine internationalen Gesch\u00e4fts- und Managementstudien an der Rotterdamer Business School und der KEDGE Business School Bordeaux begann er seine Karriere bei einem Telekommunikationsunternehmen, wo er wertvolle Erfahrungen in der Schweiz und auf internationaler Ebene sammelte. Parallel dazu vertiefte er sein Fachwissen mit Diplomen an der Harvard Business School in Boston und der INSEAD in Singapur.  <\/p>\n<p>Ein Jahrzehnt lang war Ewout Kea CEO eines grossen Schweizer Unternehmens, das damals in den Bereichen Rechnungsstellung, Inkasso und Kundenservice t\u00e4tig war. Er leitete eine organisatorische Umstrukturierung ein, digitalisierte die Prozesse und verbesserte die finanzielle Leistung. Anschliessend war er als Marketingleiter f\u00fcr eine Zeitungsverlagsgruppe t\u00e4tig. Dort baute er den Umsatz aus, begleitete den digitalen Wandel, entwickelte innovative Marketingmassnahmen und optimierte den Kundenservice.   <\/p>\n<p>In der Zwischenzeit wurde er Absolvent und Mitglied des Swiss Institute of Directors (SIoD) und erwarb ein Zertifikat der MIT Sloan School of Management (AI: Implications for Business Strategy).<\/p>\n<p>Seit 2023 f\u00fchrt Ewout Kea verschiedene Mandate und begleitet CEOs bei ihren strategischen und operativen \u00dcberlegungen. Er ist auch als externer Referent f\u00fcr die HES-SO t\u00e4tig und vermittelt sein Wissen \u00fcber digitale Transformation und Marketing. <\/p>\n<p>Im Jahr 2024 gr\u00fcndet Ewout Kea KEA EVOLUTION: Ihr strategischer Partner zur Reduktion von Komplexit\u00e4t.<\/p>\n\t\t\t\t\t\t\t\t<\/div>\n\t\t\t\t<\/div>\n\t\t\t\t<\/div>\n\t\t<div class=\"elementor-element elementor-element-a2860fd e-con-full e-flex e-con e-child\" data-id=\"a2860fd\" data-element_type=\"container\">\n\t\t\t\t<div class=\"elementor-element elementor-element-3645702 elementor-widget elementor-widget-image\" data-id=\"3645702\" data-element_type=\"widget\" data-widget_type=\"image.default\">\n\t\t\t\t<div class=\"elementor-widget-container\">\n\t\t\t\t\t\t\t\t\t\t\t\t\t\t\t<img fetchpriority=\"high\" decoding=\"async\" width=\"768\" height=\"1024\" src=\"https:\/\/kea-evolution.ch\/wp-content\/uploads\/2024\/09\/photo-Ewout_page-Ewout-Kea-e1726753527657-768x1024.jpg\" class=\"attachment-large size-large wp-image-29414\" alt=\"\" srcset=\"https:\/\/kea-evolution.ch\/wp-content\/uploads\/2024\/09\/photo-Ewout_page-Ewout-Kea-e1726753527657-768x1024.jpg 768w, https:\/\/kea-evolution.ch\/wp-content\/uploads\/2024\/09\/photo-Ewout_page-Ewout-Kea-e1726753527657-225x300.jpg 225w, https:\/\/kea-evolution.ch\/wp-content\/uploads\/2024\/09\/photo-Ewout_page-Ewout-Kea-e1726753527657-1152x1536.jpg 1152w, https:\/\/kea-evolution.ch\/wp-content\/uploads\/2024\/09\/photo-Ewout_page-Ewout-Kea-e1726753527657-1536x2048.jpg 1536w\" sizes=\"(max-width: 768px) 100vw, 768px\" \/>\t\t\t\t\t\t\t\t\t\t\t\t\t\t\t<\/div>\n\t\t\t\t<\/div>\n\t\t\t\t<div class=\"elementor-element elementor-element-50c2c66 elementor-shape-rounded elementor-grid-0 e-grid-align-center elementor-widget elementor-widget-social-icons\" data-id=\"50c2c66\" data-element_type=\"widget\" data-widget_type=\"social-icons.default\">\n\t\t\t\t<div class=\"elementor-widget-container\">\n\t\t\t\t\t\t\t<div class=\"elementor-social-icons-wrapper elementor-grid\">\n\t\t\t\t\t\t\t<span class=\"elementor-grid-item\">\n\t\t\t\t\t<a class=\"elementor-icon elementor-social-icon elementor-social-icon-linkedin elementor-repeater-item-1d8ff2e\" href=\"https:\/\/www.linkedin.com\/in\/ewoutkea\/\" target=\"_blank\">\n\t\t\t\t\t\t<span class=\"elementor-screen-only\">Linkedin<\/span>\n\t\t\t\t\t\t<svg class=\"e-font-icon-svg e-fab-linkedin\" viewBox=\"0 0 448 512\" xmlns=\"http:\/\/www.w3.org\/2000\/svg\"><path d=\"M416 32H31.9C14.3 32 0 46.5 0 64.3v383.4C0 465.5 14.3 480 31.9 480H416c17.6 0 32-14.5 32-32.3V64.3c0-17.8-14.4-32.3-32-32.3zM135.4 416H69V202.2h66.5V416zm-33.2-243c-21.3 0-38.5-17.3-38.5-38.5S80.9 96 102.2 96c21.2 0 38.5 17.3 38.5 38.5 0 21.3-17.2 38.5-38.5 38.5zm282.1 243h-66.4V312c0-24.8-.5-56.7-34.5-56.7-34.6 0-39.9 27-39.9 54.9V416h-66.4V202.2h63.7v29.2h.9c8.9-16.8 30.6-34.5 62.9-34.5 67.2 0 79.7 44.3 79.7 101.9V416z\"><\/path><\/svg>\t\t\t\t\t<\/a>\n\t\t\t\t<\/span>\n\t\t\t\t\t<\/div>\n\t\t\t\t\t\t<\/div>\n\t\t\t\t<\/div>\n\t\t\t\t<\/div>\n\t\t\t\t\t<\/div>\n\t\t\t\t<\/div>\n\t\t\t\t<\/div>\n\t\t","protected":false},"excerpt":{"rendered":"<p>&#8220; Ich bin ein leidenschaftlicher Akteur der Transformation. Ewout Kea, Gr\u00fcnder von KEA EVOLUTION, ist eine anerkannte F\u00fchrungspers\u00f6nlichkeit, die f\u00fcr ihre F\u00e4higkeit bekannt ist, Unternehmen umzugestalten und Talente zu f\u00f6rdern. Nach seine internationalen Gesch\u00e4fts- und Managementstudien an der Rotterdamer Business School und der KEDGE Business School Bordeaux begann er seine Karriere bei einem Telekommunikationsunternehmen, wo [&hellip;]<\/p>\n","protected":false},"author":1,"featured_media":0,"parent":0,"menu_order":0,"comment_status":"closed","ping_status":"closed","template":"","meta":{"footnotes":""},"class_list":["post-29736","page","type-page","status-publish","hentry"],"aioseo_notices":[],"_links":{"self":[{"href":"https:\/\/kea-evolution.ch\/de\/wp-json\/wp\/v2\/pages\/29736","targetHints":{"allow":["GET"]}}],"collection":[{"href":"https:\/\/kea-evolution.ch\/de\/wp-json\/wp\/v2\/pages"}],"about":[{"href":"https:\/\/kea-evolution.ch\/de\/wp-json\/wp\/v2\/types\/page"}],"author":[{"embeddable":true,"href":"https:\/\/kea-evolution.ch\/de\/wp-json\/wp\/v2\/users\/1"}],"replies":[{"embeddable":true,"href":"https:\/\/kea-evolution.ch\/de\/wp-json\/wp\/v2\/comments?post=29736"}],"version-history":[{"count":1,"href":"https:\/\/kea-evolution.ch\/de\/wp-json\/wp\/v2\/pages\/29736\/revisions"}],"predecessor-version":[{"id":29737,"href":"https:\/\/kea-evolution.ch\/de\/wp-json\/wp\/v2\/pages\/29736\/revisions\/29737"}],"wp:attachment":[{"href":"https:\/\/kea-evolution.ch\/de\/wp-json\/wp\/v2\/media?parent=29736"}],"curies":[{"name":"wp","href":"https:\/\/api.w.org\/{rel}","templated":true}]}}